{"id":12805,"date":"2023-02-01T14:00:38","date_gmt":"2023-02-01T13:00:38","guid":{"rendered":"https:\/\/dev.jump4it.com\/unimas-reservedele.dedi899.your-server.de\/?page_id=12805"},"modified":"2025-05-07T08:13:46","modified_gmt":"2025-05-07T06:13:46","slug":"udstyr","status":"publish","type":"page","link":"https:\/\/unimas.dk\/reservedele\/","title":{"rendered":"Udstyr"},"content":{"rendered":"\t\t<div data-elementor-type=\"wp-page\" data-elementor-id=\"12805\" class=\"elementor elementor-12805\">\n\t\t\t\t\t\t<div class=\"elementor-inner\">\n\t\t\t\t<div class=\"elementor-section-wrap\">\n\t\t\t\t\t\t\t\t\t<section class=\"elementor-section elementor-top-section elementor-element elementor-element-71183be elementor-hidden-desktop elementor-hidden-tablet elementor-hidden-mobile elementor-section-boxed elementor-section-height-default elementor-section-height-default\" data-id=\"71183be\" data-element_type=\"section\">\n\t\t\t\t\t\t<div class=\"elementor-container elementor-column-gap-default\">\n\t\t\t\t\t\t\t<div class=\"elementor-row\">\n\t\t\t\t\t<div class=\"elementor-column elementor-col-100 elementor-top-column elementor-element elementor-element-a5c0bb2\" data-id=\"a5c0bb2\" data-element_type=\"column\">\n\t\t\t<div class=\"elementor-column-wrap elementor-element-populated\">\n\t\t\t\t\t\t\t<div class=\"elementor-widget-wrap\">\n\t\t\t\t\t\t<div class=\"elementor-element elementor-element-de18a2e elementor-widget elementor-widget-jet-breadcrumbs\" data-id=\"de18a2e\" data-element_type=\"widget\" data-widget_type=\"jet-breadcrumbs.default\">\n\t\t\t\t<div class=\"elementor-widget-container\">\n\t\t\t<div class=\"elementor-jet-breadcrumbs jet-blocks\">\n\t\t<div class=\"jet-breadcrumbs\">\n\t\t<div class=\"jet-breadcrumbs__content\">\n\t\t<div class=\"jet-breadcrumbs__wrap\"><div class=\"jet-breadcrumbs__item\"><a href=\"https:\/\/unimas.dk\/reservedele\/\" class=\"jet-breadcrumbs__item-link is-home\" rel=\"home\" title=\"Udstyr\">Udstyr<\/a><\/div>\n\t\t<\/div>\n\t\t<\/div>\n\t\t<\/div><\/div>\t\t<\/div>\n\t\t\t\t<\/div>\n\t\t\t\t\t\t<\/div>\n\t\t\t\t\t<\/div>\n\t\t<\/div>\n\t\t\t\t\t\t\t\t<\/div>\n\t\t\t\t\t<\/div>\n\t\t<\/section>\n\t\t\t\t<section class=\"elementor-section elementor-top-section elementor-element elementor-element-5d32fea elementor-section-boxed elementor-section-height-default elementor-section-height-default\" data-id=\"5d32fea\" data-element_type=\"section\">\n\t\t\t\t\t\t<div class=\"elementor-container elementor-column-gap-default\">\n\t\t\t\t\t\t\t<div class=\"elementor-row\">\n\t\t\t\t\t<div class=\"elementor-column elementor-col-100 elementor-top-column elementor-element elementor-element-03879aa\" data-id=\"03879aa\" data-element_type=\"column\">\n\t\t\t<div class=\"elementor-column-wrap elementor-element-populated\">\n\t\t\t\t\t\t\t<div class=\"elementor-widget-wrap\">\n\t\t\t\t\t\t<div class=\"elementor-element elementor-element-3681e5b elementor-widget elementor-widget-jet-woo-categories\" data-id=\"3681e5b\" data-element_type=\"widget\" data-settings=\"{&quot;columns&quot;:&quot;2&quot;,&quot;columns_tablet&quot;:2,&quot;columns_mobile&quot;:1}\" data-widget_type=\"jet-woo-categories.default\">\n\t\t\t\t<div class=\"elementor-widget-container\">\n\t\t\t<div class=\"elementor-jet-woo-categories jet-woo-builder\"><div class=\"jet-woo-categories jet-woo-categories--preset-1 col-row disable-cols-gap disable-rows-gap jet-equal-cols\" data-mobile-hover=\"\">\n<div class=\"jet-woo-categories__item \">\n\t<div class=\"jet-woo-categories__inner-box jet-woo-item-overlay-wrap\" data-url=\"https:\/\/unimas.dk\/reservedele\/produkter\/udstyr\/beslag\/\" >\n\t\t\n<div class=\"jet-woo-categories-thumbnail__wrap\">\n\t\n<div class=\"jet-woo-category-thumbnail\">\n\t<a href=\"https:\/\/unimas.dk\/reservedele\/produkter\/udstyr\/beslag\/\"  rel=\"bookmark\">\n\t\t<img decoding=\"async\" width=\"750\" height=\"750\" src=\"https:\/\/unimas.dk\/reservedele\/wp-content\/uploads\/2023\/02\/352f13ad3a9ec5736d690982501b52514f65b885-1.png\" class=\"attachment-full size-full\" alt=\"Beslag\" srcset=\"https:\/\/unimas.dk\/reservedele\/wp-content\/uploads\/2023\/02\/352f13ad3a9ec5736d690982501b52514f65b885-1.png 750w, https:\/\/unimas.dk\/reservedele\/wp-content\/uploads\/2023\/02\/352f13ad3a9ec5736d690982501b52514f65b885-1-300x300.png 300w, https:\/\/unimas.dk\/reservedele\/wp-content\/uploads\/2023\/02\/352f13ad3a9ec5736d690982501b52514f65b885-1-150x150.png 150w, https:\/\/unimas.dk\/reservedele\/wp-content\/uploads\/2023\/02\/352f13ad3a9ec5736d690982501b52514f65b885-1-600x600.png 600w, https:\/\/unimas.dk\/reservedele\/wp-content\/uploads\/2023\/02\/352f13ad3a9ec5736d690982501b52514f65b885-1-100x100.png 100w\" sizes=\"(max-width: 750px) 100vw, 750px\" \/>\t<\/a>\n\t<div class=\"jet-woo-category-img-overlay\"><\/div>\n\t<div class=\"jet-woo-category-img-overlay__hover\"><\/div>\n<\/div>\n\t<div class=\"jet-woo-category-count__wrap\">\n\t\t\t<\/div>\n<\/div>\n\n<div class=\"jet-woo-categories-content\">\n\t<h2 class=\"jet-woo-category-title\" ><a href=\"https:\/\/unimas.dk\/reservedele\/produkter\/udstyr\/beslag\/\" class=\"jet-woo-category-title__link\" >Beslag<\/a><\/h2><\/div>\t<\/div>\n\n\t\t\t<a href=\"https:\/\/unimas.dk\/reservedele\/produkter\/udstyr\/beslag\/\" class=\"jet-woo-item-overlay-link\"  ><\/a>\n\t<\/div>\n<div class=\"jet-woo-categories__item \">\n\t<div class=\"jet-woo-categories__inner-box jet-woo-item-overlay-wrap\" data-url=\"https:\/\/unimas.dk\/reservedele\/produkter\/udstyr\/grabbe\/\" >\n\t\t\n<div class=\"jet-woo-categories-thumbnail__wrap\">\n\t\n<div class=\"jet-woo-category-thumbnail\">\n\t<a href=\"https:\/\/unimas.dk\/reservedele\/produkter\/udstyr\/grabbe\/\"  rel=\"bookmark\">\n\t\t<img decoding=\"async\" width=\"750\" height=\"750\" src=\"https:\/\/unimas.dk\/reservedele\/wp-content\/uploads\/2023\/02\/0657077535ac1a8b69096fabc5a8816fa3f20b41-1.jpg\" class=\"attachment-full size-full\" alt=\"Grabbe\" srcset=\"https:\/\/unimas.dk\/reservedele\/wp-content\/uploads\/2023\/02\/0657077535ac1a8b69096fabc5a8816fa3f20b41-1.jpg 750w, https:\/\/unimas.dk\/reservedele\/wp-content\/uploads\/2023\/02\/0657077535ac1a8b69096fabc5a8816fa3f20b41-1-300x300.jpg 300w, https:\/\/unimas.dk\/reservedele\/wp-content\/uploads\/2023\/02\/0657077535ac1a8b69096fabc5a8816fa3f20b41-1-150x150.jpg 150w, https:\/\/unimas.dk\/reservedele\/wp-content\/uploads\/2023\/02\/0657077535ac1a8b69096fabc5a8816fa3f20b41-1-600x600.jpg 600w, https:\/\/unimas.dk\/reservedele\/wp-content\/uploads\/2023\/02\/0657077535ac1a8b69096fabc5a8816fa3f20b41-1-100x100.jpg 100w\" sizes=\"(max-width: 750px) 100vw, 750px\" \/>\t<\/a>\n\t<div class=\"jet-woo-category-img-overlay\"><\/div>\n\t<div class=\"jet-woo-category-img-overlay__hover\"><\/div>\n<\/div>\n\t<div class=\"jet-woo-category-count__wrap\">\n\t\t\t<\/div>\n<\/div>\n\n<div class=\"jet-woo-categories-content\">\n\t<h2 class=\"jet-woo-category-title\" ><a href=\"https:\/\/unimas.dk\/reservedele\/produkter\/udstyr\/grabbe\/\" class=\"jet-woo-category-title__link\" >Grabbe<\/a><\/h2><\/div>\t<\/div>\n\n\t\t\t<a href=\"https:\/\/unimas.dk\/reservedele\/produkter\/udstyr\/grabbe\/\" class=\"jet-woo-item-overlay-link\"  ><\/a>\n\t<\/div>\n<div class=\"jet-woo-categories__item \">\n\t<div class=\"jet-woo-categories__inner-box jet-woo-item-overlay-wrap\" data-url=\"https:\/\/unimas.dk\/reservedele\/produkter\/udstyr\/hydraulikhammer\/\" >\n\t\t\n<div class=\"jet-woo-categories-thumbnail__wrap\">\n\t\n<div class=\"jet-woo-category-thumbnail\">\n\t<a href=\"https:\/\/unimas.dk\/reservedele\/produkter\/udstyr\/hydraulikhammer\/\"  rel=\"bookmark\">\n\t\t<img decoding=\"async\" width=\"750\" height=\"750\" src=\"https:\/\/unimas.dk\/reservedele\/wp-content\/uploads\/2023\/02\/84ed8f420f7f31d916c03a2e8b3f39f0826a31ff-1.png\" class=\"attachment-full size-full\" alt=\"Hydraulikhammer\" srcset=\"https:\/\/unimas.dk\/reservedele\/wp-content\/uploads\/2023\/02\/84ed8f420f7f31d916c03a2e8b3f39f0826a31ff-1.png 750w, https:\/\/unimas.dk\/reservedele\/wp-content\/uploads\/2023\/02\/84ed8f420f7f31d916c03a2e8b3f39f0826a31ff-1-300x300.png 300w, https:\/\/unimas.dk\/reservedele\/wp-content\/uploads\/2023\/02\/84ed8f420f7f31d916c03a2e8b3f39f0826a31ff-1-150x150.png 150w, https:\/\/unimas.dk\/reservedele\/wp-content\/uploads\/2023\/02\/84ed8f420f7f31d916c03a2e8b3f39f0826a31ff-1-600x600.png 600w, https:\/\/unimas.dk\/reservedele\/wp-content\/uploads\/2023\/02\/84ed8f420f7f31d916c03a2e8b3f39f0826a31ff-1-100x100.png 100w\" sizes=\"(max-width: 750px) 100vw, 750px\" \/>\t<\/a>\n\t<div class=\"jet-woo-category-img-overlay\"><\/div>\n\t<div class=\"jet-woo-category-img-overlay__hover\"><\/div>\n<\/div>\n\t<div class=\"jet-woo-category-count__wrap\">\n\t\t\t<\/div>\n<\/div>\n\n<div class=\"jet-woo-categories-content\">\n\t<h2 class=\"jet-woo-category-title\" ><a href=\"https:\/\/unimas.dk\/reservedele\/produkter\/udstyr\/hydraulikhammer\/\" class=\"jet-woo-category-title__link\" >Hydraulikhammer<\/a><\/h2><\/div>\t<\/div>\n\n\t\t\t<a href=\"https:\/\/unimas.dk\/reservedele\/produkter\/udstyr\/hydraulikhammer\/\" class=\"jet-woo-item-overlay-link\"  ><\/a>\n\t<\/div>\n<div class=\"jet-woo-categories__item \">\n\t<div class=\"jet-woo-categories__inner-box jet-woo-item-overlay-wrap\" data-url=\"https:\/\/unimas.dk\/reservedele\/produkter\/udstyr\/pallegafler\/\" >\n\t\t\n<div class=\"jet-woo-categories-thumbnail__wrap\">\n\t\n<div class=\"jet-woo-category-thumbnail\">\n\t<a href=\"https:\/\/unimas.dk\/reservedele\/produkter\/udstyr\/pallegafler\/\"  rel=\"bookmark\">\n\t\t<img decoding=\"async\" width=\"750\" height=\"750\" src=\"https:\/\/unimas.dk\/reservedele\/wp-content\/uploads\/2023\/02\/e22794b380e24c503d0ebbe570932a374b2db7c5-2.jpg\" class=\"attachment-full size-full\" alt=\"Pallegaffler\" srcset=\"https:\/\/unimas.dk\/reservedele\/wp-content\/uploads\/2023\/02\/e22794b380e24c503d0ebbe570932a374b2db7c5-2.jpg 750w, https:\/\/unimas.dk\/reservedele\/wp-content\/uploads\/2023\/02\/e22794b380e24c503d0ebbe570932a374b2db7c5-2-300x300.jpg 300w, https:\/\/unimas.dk\/reservedele\/wp-content\/uploads\/2023\/02\/e22794b380e24c503d0ebbe570932a374b2db7c5-2-150x150.jpg 150w, https:\/\/unimas.dk\/reservedele\/wp-content\/uploads\/2023\/02\/e22794b380e24c503d0ebbe570932a374b2db7c5-2-600x600.jpg 600w, https:\/\/unimas.dk\/reservedele\/wp-content\/uploads\/2023\/02\/e22794b380e24c503d0ebbe570932a374b2db7c5-2-100x100.jpg 100w\" sizes=\"(max-width: 750px) 100vw, 750px\" \/>\t<\/a>\n\t<div class=\"jet-woo-category-img-overlay\"><\/div>\n\t<div class=\"jet-woo-category-img-overlay__hover\"><\/div>\n<\/div>\n\t<div class=\"jet-woo-category-count__wrap\">\n\t\t\t<\/div>\n<\/div>\n\n<div class=\"jet-woo-categories-content\">\n\t<h2 class=\"jet-woo-category-title\" ><a href=\"https:\/\/unimas.dk\/reservedele\/produkter\/udstyr\/pallegafler\/\" class=\"jet-woo-category-title__link\" >Pallegafler<\/a><\/h2><\/div>\t<\/div>\n\n\t\t\t<a href=\"https:\/\/unimas.dk\/reservedele\/produkter\/udstyr\/pallegafler\/\" class=\"jet-woo-item-overlay-link\"  ><\/a>\n\t<\/div><\/div>\n<\/div>\t\t<\/div>\n\t\t\t\t<\/div>\n\t\t\t\t\t\t<\/div>\n\t\t\t\t\t<\/div>\n\t\t<\/div>\n\t\t\t\t\t\t\t\t<\/div>\n\t\t\t\t\t<\/div>\n\t\t<\/section>\n\t\t\t\t<section class=\"elementor-section elementor-top-section elementor-element elementor-element-38cecbc elementor-section-boxed elementor-section-height-default elementor-section-height-default\" data-id=\"38cecbc\" data-element_type=\"section\">\n\t\t\t\t\t\t<div class=\"elementor-container elementor-column-gap-default\">\n\t\t\t\t\t\t\t<div class=\"elementor-row\">\n\t\t\t\t\t<div class=\"elementor-column elementor-col-100 elementor-top-column elementor-element elementor-element-b3e67da\" data-id=\"b3e67da\" data-element_type=\"column\">\n\t\t\t<div class=\"elementor-column-wrap elementor-element-populated\">\n\t\t\t\t\t\t\t<div class=\"elementor-widget-wrap\">\n\t\t\t\t\t\t<div class=\"elementor-element elementor-element-0eba3ab elementor-widget__width-initial elementor-widget elementor-widget-text-editor\" data-id=\"0eba3ab\" data-element_type=\"widget\" data-widget_type=\"text-editor.default\">\n\t\t\t\t<div class=\"elementor-widget-container\">\n\t\t\t\t\t\t\t\t<div class=\"elementor-text-editor elementor-clearfix\">\n\t\t\t\t<h1><strong>Udstyr til maskiner\u00a0<\/strong><\/h1><p>Vi tilbyder et bredt udvalg af godt udstyr til en r\u00e6kke maskiner i entrepren\u00f8r-, industri- og landbrugs kategorierne. <br \/>Vi har slidst\u00e6rke beslag, grabbe hydraulikhamre og pallegafler,\u00a0<span style=\"font-family: var( --e-global-typography-text-font-family ), Helvetica, sans-serif; font-size: var( --e-global-typography-text-font-size ); text-transform: var( --e-global-typography-text-text-transform );\">som sikrer af dine maskiner leverer maksimal ydeevne i enhver opgave.<\/span><\/p><p>Vores udstyr best\u00e5r af god og holdbar kvalitet, driftsikkerhed og lang levetid.\u00a0<\/p><p>Uanset om du skal arbejde med en l\u00f8fte-, grave-, nedbrydning eller transportopgave.\u00a0<\/p><h3>Stort udvalg til en lang r\u00e6kke opgaver<\/h3><p>Vores beslag passer til en lang r\u00e6kke af maskintyper og giver fleksibilitet og sikkerhed i arbejdet. <br \/>Med vores udvalg af grabbe kan du h\u00e5ndtere en r\u00e6kke af materialer, mens vores hydraulikhamre er ideelle <br \/>til tunge nedbrydningsopgaver samt h\u00e5rde opgaver p\u00e5 byggepladser. Pallegaflerne g\u00f8r det nemt at h\u00e5ndtere gods <br \/>og materialer p\u00e5 en sikker og effektiv m\u00e5de, perfekt til b\u00e5de industri- og landbrugssektoren.\u00a0<\/p><h5>P\u00e5lideligt udstyr\u00a0<\/h5><p>Vi ved at det er vigtigt at have p\u00e5lideligt udstyr, der matcher maskine og opgave, og det f\u00e5r du her hos os. <br \/>Derfor tilbyder vi b\u00e5de nyt og brugt udstyr, i forskellige st\u00f8rrelser og modeller.\u00a0<\/p><p>Uanset om du s\u00f8ger ekstra udstyr til din gravemaskine, rendegraver eller teleskopl\u00e6sser, <br \/>st\u00e5r vi klar til at hj\u00e6lpe.\u00a0<\/p><h5>Kontakt os<\/h5><p>Har du sp\u00f8rgsm\u00e5l eller brug for vejledning i valg af udstyr,\u00a0<\/p><p>er du altid velkommen til at <a href=\"https:\/\/unimas.dk\/kontakt\">kontakte os<\/a>.\u00a0<\/p>\t\t\t\t\t<\/div>\n\t\t\t\t\t\t<\/div>\n\t\t\t\t<\/div>\n\t\t\t\t\t\t<\/div>\n\t\t\t\t\t<\/div>\n\t\t<\/div>\n\t\t\t\t\t\t\t\t<\/div>\n\t\t\t\t\t<\/div>\n\t\t<\/section>\n\t\t\t\t\t\t\t\t\t<\/div>\n\t\t\t<\/div>\n\t\t\t\t\t<\/div>\n\t\t","protected":false},"excerpt":{"rendered":"<p>Udstyr Beslag Grabbe Hydraulikhammer Pallegafler Udstyr til maskiner&nbsp; Vi tilbyder et bredt udvalg af godt udstyr til en r\u00e6kke maskiner i entrepren\u00f8r-, industri- og landbrugs kategorierne. Vi har slidst\u00e6rke beslag, grabbe hydraulikhamre og pallegafler,&nbsp;som sikrer af dine maskiner leverer maksimal ydeevne i enhver opgave. Vores udstyr best\u00e5r af god og holdbar kvalitet, driftsikkerhed og lang [&hellip;]<\/p>\n","protected":false},"author":1,"featured_media":0,"parent":0,"menu_order":0,"comment_status":"closed","ping_status":"closed","template":"elementor_header_footer","meta":{"footnotes":""},"class_list":["post-12805","page","type-page","status-publish","hentry"],"_links":{"self":[{"href":"https:\/\/unimas.dk\/reservedele\/wp-json\/wp\/v2\/pages\/12805","targetHints":{"allow":["GET"]}}],"collection":[{"href":"https:\/\/unimas.dk\/reservedele\/wp-json\/wp\/v2\/pages"}],"about":[{"href":"https:\/\/unimas.dk\/reservedele\/wp-json\/wp\/v2\/types\/page"}],"author":[{"embeddable":true,"href":"https:\/\/unimas.dk\/reservedele\/wp-json\/wp\/v2\/users\/1"}],"replies":[{"embeddable":true,"href":"https:\/\/unimas.dk\/reservedele\/wp-json\/wp\/v2\/comments?post=12805"}],"version-history":[{"count":92,"href":"https:\/\/unimas.dk\/reservedele\/wp-json\/wp\/v2\/pages\/12805\/revisions"}],"predecessor-version":[{"id":15075,"href":"https:\/\/unimas.dk\/reservedele\/wp-json\/wp\/v2\/pages\/12805\/revisions\/15075"}],"wp:attachment":[{"href":"https:\/\/unimas.dk\/reservedele\/wp-json\/wp\/v2\/media?parent=12805"}],"curies":[{"name":"wp","href":"https:\/\/api.w.org\/{rel}","templated":true}]}}